{"id":1461,"date":"2020-11-03T19:05:48","date_gmt":"2020-11-03T18:05:48","guid":{"rendered":"https:\/\/www.choucrouteweber.fr\/index.php\/product\/import-placeholder-for-1507\/"},"modified":"2026-02-27T12:56:57","modified_gmt":"2026-02-27T11:56:57","slug":"sachet-de-choucroute-dalsace-igp-cuite-en-1kg","status":"publish","type":"product","link":"https:\/\/www.choucrouteweber.fr\/index.php\/product\/sachet-de-choucroute-dalsace-igp-cuite-en-1kg\/","title":{"rendered":"Choucroute d&rsquo;Alsace IGP cuisin\u00e9e en sachet de 1kg &#8211; M\u00c9DAILLE D&rsquo;OR"},"content":{"rendered":"","protected":false},"excerpt":{"rendered":"<p>Choucroute d&rsquo;Alsace IGP cuisin\u00e9e en sachet de 1kg &#8211;\u00a0M\u00c9DAILLE D&rsquo;OR<\/p>\n<p>EAN : 3471870000662<\/p>\n","protected":false},"featured_media":1737,"comment_status":"open","ping_status":"closed","template":"","meta":[],"product_brand":[],"product_cat":[68,65],"product_tag":[],"class_list":{"0":"post-1461","1":"product","2":"type-product","3":"status-publish","4":"has-post-thumbnail","6":"product_cat-choucroute-cuite","7":"product_cat-choucroute-dalsace-igp","9":"first","10":"instock","11":"shipping-taxable","12":"product-type-simple"},"yoast_head":"<!-- This site is optimized with the Yoast SEO plugin v26.9 - https:\/\/yoast.com\/product\/yoast-seo-wordpress\/ -->\n<title>Choucroute d&#039;Alsace IGP cuisin\u00e9e en sachet de 1kg - M\u00c9DAILLE D&#039;OR - Choucroute Weber<\/title>\n<meta name=\"robots\" content=\"index, follow, max-snippet:-1, max-image-preview:large, max-video-preview:-1\" \/>\n<link rel=\"canonical\" href=\"https:\/\/www.choucrouteweber.fr\/index.php\/product\/sachet-de-choucroute-dalsace-igp-cuite-en-1kg\/\" \/>\n<meta property=\"og:locale\" content=\"fr_FR\" \/>\n<meta property=\"og:type\" content=\"article\" \/>\n<meta property=\"og:title\" content=\"Choucroute d&#039;Alsace IGP cuisin\u00e9e en sachet de 1kg - M\u00c9DAILLE D&#039;OR - Choucroute Weber\" \/>\n<meta property=\"og:description\" content=\"Choucroute d&#039;Alsace IGP cuisin\u00e9e en sachet de 1kg -\u00a0M\u00c9DAILLE D&#039;OR  EAN : 3471870000662\" \/>\n<meta property=\"og:url\" content=\"https:\/\/www.choucrouteweber.fr\/index.php\/product\/sachet-de-choucroute-dalsace-igp-cuite-en-1kg\/\" \/>\n<meta property=\"og:site_name\" content=\"Choucroute Weber\" \/>\n<meta property=\"article:publisher\" content=\"https:\/\/www.facebook.com\/choucrouteweber\" \/>\n<meta property=\"article:modified_time\" content=\"2026-02-27T11:56:57+00:00\" \/>\n<meta property=\"og:image\" content=\"https:\/\/www.choucrouteweber.fr\/wp-content\/uploads\/2020\/11\/Sachet-de-choucroute-dAlsace-IGP-cuite-en-1kg.png\" \/>\n\t<meta property=\"og:image:width\" content=\"600\" \/>\n\t<meta property=\"og:image:height\" content=\"600\" \/>\n\t<meta property=\"og:image:type\" content=\"image\/png\" \/>\n<meta name=\"twitter:card\" content=\"summary_large_image\" \/>\n<script type=\"application\/ld+json\" class=\"yoast-schema-graph\">{\"@context\":\"https:\/\/schema.org\",\"@graph\":[{\"@type\":\"WebPage\",\"@id\":\"https:\/\/www.choucrouteweber.fr\/index.php\/product\/sachet-de-choucroute-dalsace-igp-cuite-en-1kg\/\",\"url\":\"https:\/\/www.choucrouteweber.fr\/index.php\/product\/sachet-de-choucroute-dalsace-igp-cuite-en-1kg\/\",\"name\":\"Choucroute d'Alsace IGP cuisin\u00e9e en sachet de 1kg - M\u00c9DAILLE D'OR - Choucroute Weber\",\"isPartOf\":{\"@id\":\"https:\/\/www.choucrouteweber.fr\/#website\"},\"primaryImageOfPage\":{\"@id\":\"https:\/\/www.choucrouteweber.fr\/index.php\/product\/sachet-de-choucroute-dalsace-igp-cuite-en-1kg\/#primaryimage\"},\"image\":{\"@id\":\"https:\/\/www.choucrouteweber.fr\/index.php\/product\/sachet-de-choucroute-dalsace-igp-cuite-en-1kg\/#primaryimage\"},\"thumbnailUrl\":\"https:\/\/www.choucrouteweber.fr\/wp-content\/uploads\/2020\/11\/Sachet-de-choucroute-dAlsace-IGP-cuite-en-1kg.png\",\"datePublished\":\"2020-11-03T18:05:48+00:00\",\"dateModified\":\"2026-02-27T11:56:57+00:00\",\"breadcrumb\":{\"@id\":\"https:\/\/www.choucrouteweber.fr\/index.php\/product\/sachet-de-choucroute-dalsace-igp-cuite-en-1kg\/#breadcrumb\"},\"inLanguage\":\"fr-FR\",\"potentialAction\":[{\"@type\":\"ReadAction\",\"target\":[\"https:\/\/www.choucrouteweber.fr\/index.php\/product\/sachet-de-choucroute-dalsace-igp-cuite-en-1kg\/\"]}]},{\"@type\":\"ImageObject\",\"inLanguage\":\"fr-FR\",\"@id\":\"https:\/\/www.choucrouteweber.fr\/index.php\/product\/sachet-de-choucroute-dalsace-igp-cuite-en-1kg\/#primaryimage\",\"url\":\"https:\/\/www.choucrouteweber.fr\/wp-content\/uploads\/2020\/11\/Sachet-de-choucroute-dAlsace-IGP-cuite-en-1kg.png\",\"contentUrl\":\"https:\/\/www.choucrouteweber.fr\/wp-content\/uploads\/2020\/11\/Sachet-de-choucroute-dAlsace-IGP-cuite-en-1kg.png\",\"width\":600,\"height\":600},{\"@type\":\"BreadcrumbList\",\"@id\":\"https:\/\/www.choucrouteweber.fr\/index.php\/product\/sachet-de-choucroute-dalsace-igp-cuite-en-1kg\/#breadcrumb\",\"itemListElement\":[{\"@type\":\"ListItem\",\"position\":1,\"name\":\"Accueil\",\"item\":\"https:\/\/www.choucrouteweber.fr\/\"},{\"@type\":\"ListItem\",\"position\":2,\"name\":\"Boutique en ligne\",\"item\":\"https:\/\/www.choucrouteweber.fr\/index.php\/produits\/\"},{\"@type\":\"ListItem\",\"position\":3,\"name\":\"Choucroute d&rsquo;Alsace IGP cuisin\u00e9e en sachet de 1kg &#8211; M\u00c9DAILLE D&rsquo;OR\"}]},{\"@type\":\"WebSite\",\"@id\":\"https:\/\/www.choucrouteweber.fr\/#website\",\"url\":\"https:\/\/www.choucrouteweber.fr\/\",\"name\":\"Choucroute Weber\",\"description\":\"Choucroute d&#039;Alsace\",\"publisher\":{\"@id\":\"https:\/\/www.choucrouteweber.fr\/#organization\"},\"potentialAction\":[{\"@type\":\"SearchAction\",\"target\":{\"@type\":\"EntryPoint\",\"urlTemplate\":\"https:\/\/www.choucrouteweber.fr\/?s={search_term_string}\"},\"query-input\":{\"@type\":\"PropertyValueSpecification\",\"valueRequired\":true,\"valueName\":\"search_term_string\"}}],\"inLanguage\":\"fr-FR\"},{\"@type\":\"Organization\",\"@id\":\"https:\/\/www.choucrouteweber.fr\/#organization\",\"name\":\"Choucroute Weber\",\"url\":\"https:\/\/www.choucrouteweber.fr\/\",\"logo\":{\"@type\":\"ImageObject\",\"inLanguage\":\"fr-FR\",\"@id\":\"https:\/\/www.choucrouteweber.fr\/#\/schema\/logo\/image\/\",\"url\":\"https:\/\/www.choucrouteweber.fr\/wp-content\/uploads\/2025\/05\/cropped-Logo_ChoucrouteN_V3B.png\",\"contentUrl\":\"https:\/\/www.choucrouteweber.fr\/wp-content\/uploads\/2025\/05\/cropped-Logo_ChoucrouteN_V3B.png\",\"width\":3916,\"height\":2392,\"caption\":\"Choucroute Weber\"},\"image\":{\"@id\":\"https:\/\/www.choucrouteweber.fr\/#\/schema\/logo\/image\/\"},\"sameAs\":[\"https:\/\/www.facebook.com\/choucrouteweber\"]}]}<\/script>\n<!-- \/ Yoast SEO plugin. -->","yoast_head_json":{"title":"Choucroute d'Alsace IGP cuisin\u00e9e en sachet de 1kg - M\u00c9DAILLE D'OR - Choucroute Weber","robots":{"index":"index","follow":"follow","max-snippet":"max-snippet:-1","max-image-preview":"max-image-preview:large","max-video-preview":"max-video-preview:-1"},"canonical":"https:\/\/www.choucrouteweber.fr\/index.php\/product\/sachet-de-choucroute-dalsace-igp-cuite-en-1kg\/","og_locale":"fr_FR","og_type":"article","og_title":"Choucroute d'Alsace IGP cuisin\u00e9e en sachet de 1kg - M\u00c9DAILLE D'OR - Choucroute Weber","og_description":"Choucroute d'Alsace IGP cuisin\u00e9e en sachet de 1kg -\u00a0M\u00c9DAILLE D'OR  EAN : 3471870000662","og_url":"https:\/\/www.choucrouteweber.fr\/index.php\/product\/sachet-de-choucroute-dalsace-igp-cuite-en-1kg\/","og_site_name":"Choucroute Weber","article_publisher":"https:\/\/www.facebook.com\/choucrouteweber","article_modified_time":"2026-02-27T11:56:57+00:00","og_image":[{"width":600,"height":600,"url":"https:\/\/www.choucrouteweber.fr\/wp-content\/uploads\/2020\/11\/Sachet-de-choucroute-dAlsace-IGP-cuite-en-1kg.png","type":"image\/png"}],"twitter_card":"summary_large_image","schema":{"@context":"https:\/\/schema.org","@graph":[{"@type":"WebPage","@id":"https:\/\/www.choucrouteweber.fr\/index.php\/product\/sachet-de-choucroute-dalsace-igp-cuite-en-1kg\/","url":"https:\/\/www.choucrouteweber.fr\/index.php\/product\/sachet-de-choucroute-dalsace-igp-cuite-en-1kg\/","name":"Choucroute d'Alsace IGP cuisin\u00e9e en sachet de 1kg - M\u00c9DAILLE D'OR - Choucroute Weber","isPartOf":{"@id":"https:\/\/www.choucrouteweber.fr\/#website"},"primaryImageOfPage":{"@id":"https:\/\/www.choucrouteweber.fr\/index.php\/product\/sachet-de-choucroute-dalsace-igp-cuite-en-1kg\/#primaryimage"},"image":{"@id":"https:\/\/www.choucrouteweber.fr\/index.php\/product\/sachet-de-choucroute-dalsace-igp-cuite-en-1kg\/#primaryimage"},"thumbnailUrl":"https:\/\/www.choucrouteweber.fr\/wp-content\/uploads\/2020\/11\/Sachet-de-choucroute-dAlsace-IGP-cuite-en-1kg.png","datePublished":"2020-11-03T18:05:48+00:00","dateModified":"2026-02-27T11:56:57+00:00","breadcrumb":{"@id":"https:\/\/www.choucrouteweber.fr\/index.php\/product\/sachet-de-choucroute-dalsace-igp-cuite-en-1kg\/#breadcrumb"},"inLanguage":"fr-FR","potentialAction":[{"@type":"ReadAction","target":["https:\/\/www.choucrouteweber.fr\/index.php\/product\/sachet-de-choucroute-dalsace-igp-cuite-en-1kg\/"]}]},{"@type":"ImageObject","inLanguage":"fr-FR","@id":"https:\/\/www.choucrouteweber.fr\/index.php\/product\/sachet-de-choucroute-dalsace-igp-cuite-en-1kg\/#primaryimage","url":"https:\/\/www.choucrouteweber.fr\/wp-content\/uploads\/2020\/11\/Sachet-de-choucroute-dAlsace-IGP-cuite-en-1kg.png","contentUrl":"https:\/\/www.choucrouteweber.fr\/wp-content\/uploads\/2020\/11\/Sachet-de-choucroute-dAlsace-IGP-cuite-en-1kg.png","width":600,"height":600},{"@type":"BreadcrumbList","@id":"https:\/\/www.choucrouteweber.fr\/index.php\/product\/sachet-de-choucroute-dalsace-igp-cuite-en-1kg\/#breadcrumb","itemListElement":[{"@type":"ListItem","position":1,"name":"Accueil","item":"https:\/\/www.choucrouteweber.fr\/"},{"@type":"ListItem","position":2,"name":"Boutique en ligne","item":"https:\/\/www.choucrouteweber.fr\/index.php\/produits\/"},{"@type":"ListItem","position":3,"name":"Choucroute d&rsquo;Alsace IGP cuisin\u00e9e en sachet de 1kg &#8211; M\u00c9DAILLE D&rsquo;OR"}]},{"@type":"WebSite","@id":"https:\/\/www.choucrouteweber.fr\/#website","url":"https:\/\/www.choucrouteweber.fr\/","name":"Choucroute Weber","description":"Choucroute d&#039;Alsace","publisher":{"@id":"https:\/\/www.choucrouteweber.fr\/#organization"},"potentialAction":[{"@type":"SearchAction","target":{"@type":"EntryPoint","urlTemplate":"https:\/\/www.choucrouteweber.fr\/?s={search_term_string}"},"query-input":{"@type":"PropertyValueSpecification","valueRequired":true,"valueName":"search_term_string"}}],"inLanguage":"fr-FR"},{"@type":"Organization","@id":"https:\/\/www.choucrouteweber.fr\/#organization","name":"Choucroute Weber","url":"https:\/\/www.choucrouteweber.fr\/","logo":{"@type":"ImageObject","inLanguage":"fr-FR","@id":"https:\/\/www.choucrouteweber.fr\/#\/schema\/logo\/image\/","url":"https:\/\/www.choucrouteweber.fr\/wp-content\/uploads\/2025\/05\/cropped-Logo_ChoucrouteN_V3B.png","contentUrl":"https:\/\/www.choucrouteweber.fr\/wp-content\/uploads\/2025\/05\/cropped-Logo_ChoucrouteN_V3B.png","width":3916,"height":2392,"caption":"Choucroute Weber"},"image":{"@id":"https:\/\/www.choucrouteweber.fr\/#\/schema\/logo\/image\/"},"sameAs":["https:\/\/www.facebook.com\/choucrouteweber"]}]}},"_links":{"self":[{"href":"https:\/\/www.choucrouteweber.fr\/index.php\/wp-json\/wp\/v2\/product\/1461","targetHints":{"allow":["GET"]}}],"collection":[{"href":"https:\/\/www.choucrouteweber.fr\/index.php\/wp-json\/wp\/v2\/product"}],"about":[{"href":"https:\/\/www.choucrouteweber.fr\/index.php\/wp-json\/wp\/v2\/types\/product"}],"replies":[{"embeddable":true,"href":"https:\/\/www.choucrouteweber.fr\/index.php\/wp-json\/wp\/v2\/comments?post=1461"}],"wp:featuredmedia":[{"embeddable":true,"href":"https:\/\/www.choucrouteweber.fr\/index.php\/wp-json\/wp\/v2\/media\/1737"}],"wp:attachment":[{"href":"https:\/\/www.choucrouteweber.fr\/index.php\/wp-json\/wp\/v2\/media?parent=1461"}],"wp:term":[{"taxonomy":"product_brand","embeddable":true,"href":"https:\/\/www.choucrouteweber.fr\/index.php\/wp-json\/wp\/v2\/product_brand?post=1461"},{"taxonomy":"product_cat","embeddable":true,"href":"https:\/\/www.choucrouteweber.fr\/index.php\/wp-json\/wp\/v2\/product_cat?post=1461"},{"taxonomy":"product_tag","embeddable":true,"href":"https:\/\/www.choucrouteweber.fr\/index.php\/wp-json\/wp\/v2\/product_tag?post=1461"}],"curies":[{"name":"wp","href":"https:\/\/api.w.org\/{rel}","templated":true}]}}