{"id":34,"date":"2018-01-09T09:37:38","date_gmt":"2018-01-09T08:37:38","guid":{"rendered":"http:\/\/www.choucrouteweber.fr\/?page_id=34"},"modified":"2020-11-10T15:50:12","modified_gmt":"2020-11-10T14:50:12","slug":"recettes","status":"publish","type":"page","link":"https:\/\/www.choucrouteweber.fr\/index.php\/recettes\/","title":{"rendered":"Nos recettes"},"content":{"rendered":"<p><strong><section class=\"cooked-recipe-search cooked-clearfix\"><form action=\"https:\/\/www.choucrouteweber.fr\/index.php\/recettes\/\" method=\"get\"><input type=\"hidden\" name=\"page_id\" value=\"34\"><div class=\"cooked-fields-wrap cooked-0-search-fields\"><input aria-label=\"Trouvez une recette...\" class=\"cooked-browse-search\" type=\"text\" name=\"cooked_search_s\" value=\"\" placeholder=\"Trouvez une recette...\" \/><a aria-label=\"Search\" href=\"#\" class=\"cooked-browse-search-button\"><i class=\"cooked-icon cooked-icon-search\"><\/i><\/a><\/div><span class=\"cooked-sortby-wrap\"><select class=\"cooked-sortby-select\" name=\"cooked_browse_sort_by\"><option value=\"date_desc\" selected>Plus r\u00e9centes en premier<\/option><option value=\"date_asc\">Les plus anciennes en premier<\/option><option value=\"title_asc\">Ordre Alphab\u00e9tique (A-Z)<\/option><option value=\"title_desc\">Ordre Alphab\u00e9tique (Z-A)<\/option><\/select><\/span><\/form><\/section><section id=\"cooked-recipe-list-1\" class=\"cooked-clearfix cooked-recipe-grid cooked-recipe-loader cooked-columns-3\"><article class=\"cooked-recipe has-post-thumbnail cooked-recipe-card cooked-recipe-card-modern-centered\"><a href=\"https:\/\/www.choucrouteweber.fr\/index.php\/recettes\/galette-sarrasin-a-la-choucroute-2\/\" class=\"cooked-recipe-card-image\" style=\"background-image:url(https:\/\/www.choucrouteweber.fr\/wp-content\/uploads\/2021\/02\/breton-crepe-with-egg-in-blue-plate.png);\"><\/a><span class=\"cooked-recipe-card-content\"><a href=\"https:\/\/www.choucrouteweber.fr\/index.php\/recettes\/galette-sarrasin-a-la-choucroute-2\/\" class=\"cooked-recipe-card-title\">Galette sarrasin \u00e0 la choucroute<\/a><\/span><\/article><article class=\"cooked-recipe has-post-thumbnail cooked-recipe-card cooked-recipe-card-modern-centered\"><a href=\"https:\/\/www.choucrouteweber.fr\/index.php\/recettes\/boulettes-de-choucroute\/\" class=\"cooked-recipe-card-image\" style=\"background-image:url(https:\/\/www.choucrouteweber.fr\/wp-content\/uploads\/2021\/03\/fried-home-made-italian-traditional-meatballs-with-parmesan-and-bread.jpg);\"><\/a><span class=\"cooked-recipe-card-content\"><a href=\"https:\/\/www.choucrouteweber.fr\/index.php\/recettes\/boulettes-de-choucroute\/\" class=\"cooked-recipe-card-title\">Boulettes de choucroute<\/a><\/span><\/article><article class=\"cooked-recipe has-post-thumbnail cooked-recipe-card cooked-recipe-card-modern-centered\"><a href=\"https:\/\/www.choucrouteweber.fr\/index.php\/recettes\/1604\/\" class=\"cooked-recipe-card-image\" style=\"background-image:url(https:\/\/www.choucrouteweber.fr\/wp-content\/uploads\/2021\/01\/cream-soup-with-cauliflower-and-crouton-scaled.jpg);\"><\/a><span class=\"cooked-recipe-card-content\"><a href=\"https:\/\/www.choucrouteweber.fr\/index.php\/recettes\/1604\/\" class=\"cooked-recipe-card-title\">Velout\u00e9 de choucroute<\/a><\/span><\/article><article class=\"cooked-recipe has-post-thumbnail cooked-recipe-card cooked-recipe-card-modern-centered\"><a href=\"https:\/\/www.choucrouteweber.fr\/index.php\/recettes\/tacos-choucroute\/\" class=\"cooked-recipe-card-image\" style=\"background-image:url(https:\/\/www.choucrouteweber.fr\/wp-content\/uploads\/2020\/11\/9a84a357-thumbnails-169-tacos-choucroute.png);\"><\/a><span class=\"cooked-recipe-card-content\"><a href=\"https:\/\/www.choucrouteweber.fr\/index.php\/recettes\/tacos-choucroute\/\" class=\"cooked-recipe-card-title\">Tacos choucroute<\/a><\/span><\/article><article class=\"cooked-recipe has-post-thumbnail cooked-recipe-card cooked-recipe-card-modern-centered\"><a href=\"https:\/\/www.choucrouteweber.fr\/index.php\/recettes\/tapas-de-concombre-a-la-choucroute\/\" class=\"cooked-recipe-card-image\" style=\"background-image:url(https:\/\/www.choucrouteweber.fr\/wp-content\/uploads\/2020\/11\/cvf123_092_v_r.jpg);\"><\/a><span class=\"cooked-recipe-card-content\"><a href=\"https:\/\/www.choucrouteweber.fr\/index.php\/recettes\/tapas-de-concombre-a-la-choucroute\/\" class=\"cooked-recipe-card-title\">Tapas de concombre \u00e0 la choucroute<\/a><\/span><\/article><article class=\"cooked-recipe has-post-thumbnail cooked-recipe-card cooked-recipe-card-modern-centered\"><a href=\"https:\/\/www.choucrouteweber.fr\/index.php\/recettes\/soupe-a-la-choucroute\/\" class=\"cooked-recipe-card-image\" style=\"background-image:url(https:\/\/www.choucrouteweber.fr\/wp-content\/uploads\/2020\/11\/choucroutesoupe.jpg);\"><\/a><span class=\"cooked-recipe-card-content\"><a href=\"https:\/\/www.choucrouteweber.fr\/index.php\/recettes\/soupe-a-la-choucroute\/\" class=\"cooked-recipe-card-title\">Soupe \u00e0 la choucroute<\/a><\/span><\/article><article class=\"cooked-recipe has-post-thumbnail cooked-recipe-card cooked-recipe-card-modern-centered\"><a href=\"https:\/\/www.choucrouteweber.fr\/index.php\/recettes\/quiche-aux-lardons-a-la-choucroute-et-au-comte\/\" class=\"cooked-recipe-card-image\" style=\"background-image:url(https:\/\/www.choucrouteweber.fr\/wp-content\/uploads\/2020\/11\/Quiche-lorraine-1.jpg);\"><\/a><span class=\"cooked-recipe-card-content\"><a href=\"https:\/\/www.choucrouteweber.fr\/index.php\/recettes\/quiche-aux-lardons-a-la-choucroute-et-au-comte\/\" class=\"cooked-recipe-card-title\">Quiche aux lardons, \u00e0 la choucroute et au comt\u00e9<\/a><\/span><\/article><article class=\"cooked-recipe has-post-thumbnail cooked-recipe-card cooked-recipe-card-modern-centered\"><a href=\"https:\/\/www.choucrouteweber.fr\/index.php\/recettes\/choucroute-bretonne-de-la-mer\/\" class=\"cooked-recipe-card-image\" style=\"background-image:url(https:\/\/www.choucrouteweber.fr\/wp-content\/uploads\/2020\/11\/choucroute-mer-poisson.jpg);\"><\/a><span class=\"cooked-recipe-card-content\"><a href=\"https:\/\/www.choucrouteweber.fr\/index.php\/recettes\/choucroute-bretonne-de-la-mer\/\" class=\"cooked-recipe-card-title\">Choucroute bretonne de la mer<\/a><\/span><\/article><article class=\"cooked-recipe has-post-thumbnail cooked-recipe-card cooked-recipe-card-modern-centered\"><a href=\"https:\/\/www.choucrouteweber.fr\/index.php\/recettes\/boudin-noir-aux-navets-sales-caramelises\/\" class=\"cooked-recipe-card-image\" style=\"background-image:url(https:\/\/www.choucrouteweber.fr\/wp-content\/uploads\/2020\/11\/boudin-noir_flickr_4116911187_20f0bb0e11_b.jpg);\"><\/a><span class=\"cooked-recipe-card-content\"><a href=\"https:\/\/www.choucrouteweber.fr\/index.php\/recettes\/boudin-noir-aux-navets-sales-caramelises\/\" class=\"cooked-recipe-card-title\">Boudin noir aux navets sal\u00e9s caram\u00e9lis\u00e9s<\/a><\/span><\/article><article class=\"cooked-recipe has-post-thumbnail cooked-recipe-card cooked-recipe-card-modern-centered\"><a href=\"https:\/\/www.choucrouteweber.fr\/index.php\/recettes\/saute-de-volaille-et-choucroute-facon-wok\/\" class=\"cooked-recipe-card-image\" style=\"background-image:url(https:\/\/www.choucrouteweber.fr\/wp-content\/uploads\/2020\/11\/1757251855jpg-1.jpg);\"><\/a><span class=\"cooked-recipe-card-content\"><a href=\"https:\/\/www.choucrouteweber.fr\/index.php\/recettes\/saute-de-volaille-et-choucroute-facon-wok\/\" class=\"cooked-recipe-card-title\">Saut\u00e9 de volaille et choucroute fa\u00e7on wok<\/a><\/span><\/article><article class=\"cooked-recipe has-post-thumbnail cooked-recipe-card cooked-recipe-card-modern-centered\"><a href=\"https:\/\/www.choucrouteweber.fr\/index.php\/recettes\/1546\/\" class=\"cooked-recipe-card-image\" style=\"background-image:url(https:\/\/www.choucrouteweber.fr\/wp-content\/uploads\/2020\/11\/choucroute_faricheur.jpg);\"><\/a><span class=\"cooked-recipe-card-content\"><a href=\"https:\/\/www.choucrouteweber.fr\/index.php\/recettes\/1546\/\" class=\"cooked-recipe-card-title\">Choucroute Fraicheur<\/a><\/span><\/article><article class=\"cooked-recipe has-post-thumbnail cooked-recipe-card cooked-recipe-card-modern-centered\"><a href=\"https:\/\/www.choucrouteweber.fr\/index.php\/recettes\/choucroute-garnie\/\" class=\"cooked-recipe-card-image\" style=\"background-image:url(https:\/\/www.choucrouteweber.fr\/wp-content\/uploads\/2020\/11\/choucroute_garnie.jpg);\"><\/a><span class=\"cooked-recipe-card-content\"><a href=\"https:\/\/www.choucrouteweber.fr\/index.php\/recettes\/choucroute-garnie\/\" class=\"cooked-recipe-card-title\">Choucroute garnie<\/a><\/span><\/article><\/section><\/strong><\/p>\n","protected":false},"excerpt":{"rendered":"Choucroute garnieIngr\u00e9dients1,20 kg Choucroute crue1 oignon150 g Lard frais150 g Lard fum\u00e9400 g Collet sal\u00e9 (2 tranches de 200g)4 Saucisses&hellip;","protected":false},"author":1,"featured_media":0,"parent":0,"menu_order":0,"comment_status":"closed","ping_status":"closed","template":"","meta":{"footnotes":""},"class_list":["post-34","page","type-page","status-publish","hentry"],"yoast_head":"<!-- This site is optimized with the Yoast SEO plugin v26.9 - https:\/\/yoast.com\/product\/yoast-seo-wordpress\/ -->\n<title>Nos recettes - Choucroute Weber<\/title>\n<meta name=\"robots\" content=\"index, follow, max-snippet:-1, max-image-preview:large, max-video-preview:-1\" \/>\n<link rel=\"canonical\" href=\"https:\/\/www.choucrouteweber.fr\/index.php\/recettes\/\" \/>\n<meta property=\"og:locale\" content=\"fr_FR\" \/>\n<meta property=\"og:type\" content=\"article\" \/>\n<meta property=\"og:title\" content=\"Nos recettes - Choucroute Weber\" \/>\n<meta property=\"og:url\" content=\"https:\/\/www.choucrouteweber.fr\/index.php\/recettes\/\" \/>\n<meta property=\"og:site_name\" content=\"Choucroute Weber\" \/>\n<meta property=\"article:publisher\" content=\"https:\/\/www.facebook.com\/choucrouteweber\" \/>\n<meta property=\"article:modified_time\" content=\"2020-11-10T14:50:12+00:00\" \/>\n<meta name=\"twitter:card\" content=\"summary_large_image\" \/>\n<script type=\"application\/ld+json\" class=\"yoast-schema-graph\">{\"@context\":\"https:\/\/schema.org\",\"@graph\":[{\"@type\":\"WebPage\",\"@id\":\"https:\/\/www.choucrouteweber.fr\/index.php\/recettes\/\",\"url\":\"https:\/\/www.choucrouteweber.fr\/index.php\/recettes\/\",\"name\":\"Nos recettes - Choucroute Weber\",\"isPartOf\":{\"@id\":\"https:\/\/www.choucrouteweber.fr\/#website\"},\"datePublished\":\"2018-01-09T08:37:38+00:00\",\"dateModified\":\"2020-11-10T14:50:12+00:00\",\"breadcrumb\":{\"@id\":\"https:\/\/www.choucrouteweber.fr\/index.php\/recettes\/#breadcrumb\"},\"inLanguage\":\"fr-FR\",\"potentialAction\":[{\"@type\":\"ReadAction\",\"target\":[\"https:\/\/www.choucrouteweber.fr\/index.php\/recettes\/\"]}]},{\"@type\":\"BreadcrumbList\",\"@id\":\"https:\/\/www.choucrouteweber.fr\/index.php\/recettes\/#breadcrumb\",\"itemListElement\":[{\"@type\":\"ListItem\",\"position\":1,\"name\":\"Accueil\",\"item\":\"https:\/\/www.choucrouteweber.fr\/\"},{\"@type\":\"ListItem\",\"position\":2,\"name\":\"Nos recettes\"}]},{\"@type\":\"WebSite\",\"@id\":\"https:\/\/www.choucrouteweber.fr\/#website\",\"url\":\"https:\/\/www.choucrouteweber.fr\/\",\"name\":\"Choucroute Weber\",\"description\":\"Choucroute d&#039;Alsace\",\"publisher\":{\"@id\":\"https:\/\/www.choucrouteweber.fr\/#organization\"},\"potentialAction\":[{\"@type\":\"SearchAction\",\"target\":{\"@type\":\"EntryPoint\",\"urlTemplate\":\"https:\/\/www.choucrouteweber.fr\/?s={search_term_string}\"},\"query-input\":{\"@type\":\"PropertyValueSpecification\",\"valueRequired\":true,\"valueName\":\"search_term_string\"}}],\"inLanguage\":\"fr-FR\"},{\"@type\":\"Organization\",\"@id\":\"https:\/\/www.choucrouteweber.fr\/#organization\",\"name\":\"Choucroute Weber\",\"url\":\"https:\/\/www.choucrouteweber.fr\/\",\"logo\":{\"@type\":\"ImageObject\",\"inLanguage\":\"fr-FR\",\"@id\":\"https:\/\/www.choucrouteweber.fr\/#\/schema\/logo\/image\/\",\"url\":\"https:\/\/www.choucrouteweber.fr\/wp-content\/uploads\/2025\/05\/cropped-Logo_ChoucrouteN_V3B.png\",\"contentUrl\":\"https:\/\/www.choucrouteweber.fr\/wp-content\/uploads\/2025\/05\/cropped-Logo_ChoucrouteN_V3B.png\",\"width\":3916,\"height\":2392,\"caption\":\"Choucroute Weber\"},\"image\":{\"@id\":\"https:\/\/www.choucrouteweber.fr\/#\/schema\/logo\/image\/\"},\"sameAs\":[\"https:\/\/www.facebook.com\/choucrouteweber\"]}]}<\/script>\n<!-- \/ Yoast SEO plugin. -->","yoast_head_json":{"title":"Nos recettes - Choucroute Weber","robots":{"index":"index","follow":"follow","max-snippet":"max-snippet:-1","max-image-preview":"max-image-preview:large","max-video-preview":"max-video-preview:-1"},"canonical":"https:\/\/www.choucrouteweber.fr\/index.php\/recettes\/","og_locale":"fr_FR","og_type":"article","og_title":"Nos recettes - Choucroute Weber","og_url":"https:\/\/www.choucrouteweber.fr\/index.php\/recettes\/","og_site_name":"Choucroute Weber","article_publisher":"https:\/\/www.facebook.com\/choucrouteweber","article_modified_time":"2020-11-10T14:50:12+00:00","twitter_card":"summary_large_image","schema":{"@context":"https:\/\/schema.org","@graph":[{"@type":"WebPage","@id":"https:\/\/www.choucrouteweber.fr\/index.php\/recettes\/","url":"https:\/\/www.choucrouteweber.fr\/index.php\/recettes\/","name":"Nos recettes - Choucroute Weber","isPartOf":{"@id":"https:\/\/www.choucrouteweber.fr\/#website"},"datePublished":"2018-01-09T08:37:38+00:00","dateModified":"2020-11-10T14:50:12+00:00","breadcrumb":{"@id":"https:\/\/www.choucrouteweber.fr\/index.php\/recettes\/#breadcrumb"},"inLanguage":"fr-FR","potentialAction":[{"@type":"ReadAction","target":["https:\/\/www.choucrouteweber.fr\/index.php\/recettes\/"]}]},{"@type":"BreadcrumbList","@id":"https:\/\/www.choucrouteweber.fr\/index.php\/recettes\/#breadcrumb","itemListElement":[{"@type":"ListItem","position":1,"name":"Accueil","item":"https:\/\/www.choucrouteweber.fr\/"},{"@type":"ListItem","position":2,"name":"Nos recettes"}]},{"@type":"WebSite","@id":"https:\/\/www.choucrouteweber.fr\/#website","url":"https:\/\/www.choucrouteweber.fr\/","name":"Choucroute Weber","description":"Choucroute d&#039;Alsace","publisher":{"@id":"https:\/\/www.choucrouteweber.fr\/#organization"},"potentialAction":[{"@type":"SearchAction","target":{"@type":"EntryPoint","urlTemplate":"https:\/\/www.choucrouteweber.fr\/?s={search_term_string}"},"query-input":{"@type":"PropertyValueSpecification","valueRequired":true,"valueName":"search_term_string"}}],"inLanguage":"fr-FR"},{"@type":"Organization","@id":"https:\/\/www.choucrouteweber.fr\/#organization","name":"Choucroute Weber","url":"https:\/\/www.choucrouteweber.fr\/","logo":{"@type":"ImageObject","inLanguage":"fr-FR","@id":"https:\/\/www.choucrouteweber.fr\/#\/schema\/logo\/image\/","url":"https:\/\/www.choucrouteweber.fr\/wp-content\/uploads\/2025\/05\/cropped-Logo_ChoucrouteN_V3B.png","contentUrl":"https:\/\/www.choucrouteweber.fr\/wp-content\/uploads\/2025\/05\/cropped-Logo_ChoucrouteN_V3B.png","width":3916,"height":2392,"caption":"Choucroute Weber"},"image":{"@id":"https:\/\/www.choucrouteweber.fr\/#\/schema\/logo\/image\/"},"sameAs":["https:\/\/www.facebook.com\/choucrouteweber"]}]}},"_links":{"self":[{"href":"https:\/\/www.choucrouteweber.fr\/index.php\/wp-json\/wp\/v2\/pages\/34","targetHints":{"allow":["GET"]}}],"collection":[{"href":"https:\/\/www.choucrouteweber.fr\/index.php\/wp-json\/wp\/v2\/pages"}],"about":[{"href":"https:\/\/www.choucrouteweber.fr\/index.php\/wp-json\/wp\/v2\/types\/page"}],"author":[{"embeddable":true,"href":"https:\/\/www.choucrouteweber.fr\/index.php\/wp-json\/wp\/v2\/users\/1"}],"replies":[{"embeddable":true,"href":"https:\/\/www.choucrouteweber.fr\/index.php\/wp-json\/wp\/v2\/comments?post=34"}],"version-history":[{"count":4,"href":"https:\/\/www.choucrouteweber.fr\/index.php\/wp-json\/wp\/v2\/pages\/34\/revisions"}],"predecessor-version":[{"id":1562,"href":"https:\/\/www.choucrouteweber.fr\/index.php\/wp-json\/wp\/v2\/pages\/34\/revisions\/1562"}],"wp:attachment":[{"href":"https:\/\/www.choucrouteweber.fr\/index.php\/wp-json\/wp\/v2\/media?parent=34"}],"curies":[{"name":"wp","href":"https:\/\/api.w.org\/{rel}","templated":true}]}}